{"id":2,"date":"2023-03-08T19:13:36","date_gmt":"2023-03-08T18:13:36","guid":{"rendered":"http:\/\/lecliccommunicatif.fr\/?page_id=2"},"modified":"2025-01-13T09:33:44","modified_gmt":"2025-01-13T08:33:44","slug":"formations","status":"publish","type":"page","link":"https:\/\/lecliccommunicatif.fr\/","title":{"rendered":"Formations informatiques et bureautiques<br>Cr\u00e9ations graphiques<br>R\u00e9alisation de Sites web"},"content":{"rendered":"\r\n<p><img loading=\"lazy\" decoding=\"async\" class=\"wp-image-93 alignnone\" src=\"https:\/\/lecliccommunicatif.fr\/wp-content\/uploads\/2023\/03\/Image1.png\" alt=\"\" width=\"7\" height=\"7\" \/> Vous souhaitez gagner du temps dans l&#8217;analyse de vos tableaux Excel ?<img loading=\"lazy\" decoding=\"async\" class=\"alignright wp-image-181 size-full\" src=\"https:\/\/lecliccommunicatif.fr\/wp-content\/uploads\/2023\/03\/spacer-3.jpg\" alt=\"\" width=\"1\" height=\"800\" \/><\/p>\r\n<p><img loading=\"lazy\" decoding=\"async\" class=\"wp-image-93 alignnone\" src=\"https:\/\/lecliccommunicatif.fr\/wp-content\/uploads\/2023\/03\/Image1.png\" alt=\"\" width=\"7\" height=\"7\" \/> Vous avez une pr\u00e9sentation Powerpoint \u00e0 r\u00e9aliser ?<\/p>\r\n<p><img loading=\"lazy\" decoding=\"async\" class=\"wp-image-93 alignnone\" src=\"https:\/\/lecliccommunicatif.fr\/wp-content\/uploads\/2023\/03\/Image1.png\" alt=\"\" width=\"7\" height=\"7\" \/> Vous souhaitez apprendre tous les secrets de Word ?<\/p>\r\n<p><img loading=\"lazy\" decoding=\"async\" class=\"wp-image-93 alignnone\" src=\"https:\/\/lecliccommunicatif.fr\/wp-content\/uploads\/2023\/03\/Image1.png\" alt=\"\" width=\"7\" height=\"7\" \/> Vous avez besoin de nouvelles cartes de visite ?<\/p>\r\n<p><img loading=\"lazy\" decoding=\"async\" class=\"wp-image-93 alignnone\" src=\"https:\/\/lecliccommunicatif.fr\/wp-content\/uploads\/2023\/03\/Image1.png\" alt=\"\" width=\"7\" height=\"7\" \/> Votre site web a besoin d&#8217;un coup de neuf ?<\/p>\r\n<p><img loading=\"lazy\" decoding=\"async\" class=\"wp-image-93 alignnone\" src=\"https:\/\/lecliccommunicatif.fr\/wp-content\/uploads\/2023\/03\/Image1.png\" alt=\"\" width=\"7\" height=\"7\" \/> Vous devez vous pr\u00e9parer \u00e0 la certification PIX ?<\/p>\r\n<p><img loading=\"lazy\" decoding=\"async\" class=\"wp-image-93 alignnone\" src=\"https:\/\/lecliccommunicatif.fr\/wp-content\/uploads\/2023\/03\/Image1.png\" alt=\"\" width=\"7\" height=\"7\" \/> Vous recherchez des contenus p\u00e9dagogiques innovants ?\u00a0<\/p>\r\n<h4 style=\"text-align: center;\"><a href=\"https:\/\/lecliccommunicatif.fr\/index.php\/nous-contacter\/\"><img loading=\"lazy\" decoding=\"async\" class=\"alignnone size-full wp-image-147\" src=\"https:\/\/lecliccommunicatif.fr\/wp-content\/uploads\/2023\/03\/bouton_contact-1.jpg\" alt=\"\" width=\"200\" height=\"48\" \/><\/a><\/h4>\r\n<p>Nos formations se d\u00e9roulent :<\/p>\r\n<p><strong><img loading=\"lazy\" decoding=\"async\" class=\"wp-image-93 alignnone\" src=\"https:\/\/lecliccommunicatif.fr\/wp-content\/uploads\/2023\/03\/Image1.png\" alt=\"\" width=\"7\" height=\"7\" \/> en pr\u00e9sentiel<\/strong> : chez vous, dans votre entreprise, dans une salle de formation dans un rayon de 60 kilom\u00e8tres autour de l&#8217;AIGLE (61300)\u00a0<\/p>\r\n<p><strong><img loading=\"lazy\" decoding=\"async\" class=\"wp-image-93 alignnone\" src=\"https:\/\/lecliccommunicatif.fr\/wp-content\/uploads\/2023\/03\/Image1.png\" alt=\"\" width=\"7\" height=\"7\" \/> en distanciel<\/strong> en visioconf\u00e9rence<\/p>\r\n<p>Nos formations sont accessibles aux personnes en situation de handicap\u00a0: Avec l\u2019aide de partenaires sp\u00e9cialis\u00e9s nous adaptons les modalit\u00e9s de formation et mettons en place un dispositif d\u2019accueil individualis\u00e9.<\/p>\r\n<p>Nous pouvons fournir tout le mat\u00e9riel n\u00e9cessaire au bon d\u00e9roulement de la formation ( ordinateurs, vid\u00e9oprojecteur&#8230;)<\/p>\r\n<p>Et si vous avez ni le temps ni l&#8217;envie de suivre une formation, nous r\u00e9alisons pour vous tous les supports multim\u00e9dias dont vous avez besoin.<\/p>\r\n<h4 style=\"color: #041689; text-align: center;\"><strong>Nos domaines de comp\u00e9tences :<\/strong><\/h4>\r\n<p><img loading=\"lazy\" decoding=\"async\" class=\"alignnone wp-image-507 size-large\" src=\"https:\/\/lecliccommunicatif.fr\/wp-content\/uploads\/2025\/01\/Image1-1024x204.png\" alt=\"\" width=\"1024\" height=\"204\" srcset=\"https:\/\/lecliccommunicatif.fr\/wp-content\/uploads\/2025\/01\/Image1-1024x204.png 1024w, https:\/\/lecliccommunicatif.fr\/wp-content\/uploads\/2025\/01\/Image1-300x60.png 300w, https:\/\/lecliccommunicatif.fr\/wp-content\/uploads\/2025\/01\/Image1-768x153.png 768w, https:\/\/lecliccommunicatif.fr\/wp-content\/uploads\/2025\/01\/Image1-1536x306.png 1536w, https:\/\/lecliccommunicatif.fr\/wp-content\/uploads\/2025\/01\/Image1-600x119.png 600w, https:\/\/lecliccommunicatif.fr\/wp-content\/uploads\/2025\/01\/Image1.png 1642w\" sizes=\"auto, (max-width: 1024px) 100vw, 1024px\" \/><\/p>\r\n<h4>\u00a0<\/h4>\r\n<h4 style=\"color: #041689; text-align: center;\"><strong>Nos clients :<\/strong><\/h4>\r\n<div id='gallery-1' class='gallery galleryid-2 gallery-columns-5 gallery-size-thumbnail'><dl class='gallery-item'>\n\t\t\t<dt class='gallery-icon landscape'>\n\t\t\t\t<a href='https:\/\/lecliccommunicatif.fr\/index.php\/formations\/mailiso\/'><img loading=\"lazy\" decoding=\"async\" width=\"150\" height=\"150\" src=\"https:\/\/lecliccommunicatif.fr\/wp-content\/uploads\/2023\/09\/mailiso-150x150.jpg\" class=\"attachment-thumbnail size-thumbnail\" alt=\"\" srcset=\"https:\/\/lecliccommunicatif.fr\/wp-content\/uploads\/2023\/09\/mailiso-150x150.jpg 150w, https:\/\/lecliccommunicatif.fr\/wp-content\/uploads\/2023\/09\/mailiso-100x100.jpg 100w, https:\/\/lecliccommunicatif.fr\/wp-content\/uploads\/2023\/09\/mailiso.jpg 200w\" sizes=\"auto, (max-width: 150px) 100vw, 150px\" \/><\/a>\n\t\t\t<\/dt><\/dl><dl class='gallery-item'>\n\t\t\t<dt class='gallery-icon landscape'>\n\t\t\t\t<a href='https:\/\/lecliccommunicatif.fr\/index.php\/formations\/logo3ifa\/'><img loading=\"lazy\" decoding=\"async\" width=\"150\" height=\"150\" src=\"https:\/\/lecliccommunicatif.fr\/wp-content\/uploads\/2025\/01\/logo3ifa-150x150.jpg\" class=\"attachment-thumbnail size-thumbnail\" alt=\"\" srcset=\"https:\/\/lecliccommunicatif.fr\/wp-content\/uploads\/2025\/01\/logo3ifa-150x150.jpg 150w, https:\/\/lecliccommunicatif.fr\/wp-content\/uploads\/2025\/01\/logo3ifa-100x100.jpg 100w, https:\/\/lecliccommunicatif.fr\/wp-content\/uploads\/2025\/01\/logo3ifa.jpg 200w\" sizes=\"auto, (max-width: 150px) 100vw, 150px\" \/><\/a>\n\t\t\t<\/dt><\/dl><dl class='gallery-item'>\n\t\t\t<dt class='gallery-icon landscape'>\n\t\t\t\t<a href='https:\/\/lecliccommunicatif.fr\/index.php\/formations\/h\/'><img loading=\"lazy\" decoding=\"async\" width=\"150\" height=\"150\" src=\"https:\/\/lecliccommunicatif.fr\/wp-content\/uploads\/2023\/03\/h-150x150.jpg\" class=\"attachment-thumbnail size-thumbnail\" alt=\"\" srcset=\"https:\/\/lecliccommunicatif.fr\/wp-content\/uploads\/2023\/03\/h-150x150.jpg 150w, https:\/\/lecliccommunicatif.fr\/wp-content\/uploads\/2023\/03\/h-100x100.jpg 100w, https:\/\/lecliccommunicatif.fr\/wp-content\/uploads\/2023\/03\/h.jpg 200w\" sizes=\"auto, (max-width: 150px) 100vw, 150px\" \/><\/a>\n\t\t\t<\/dt><\/dl><dl class='gallery-item'>\n\t\t\t<dt class='gallery-icon landscape'>\n\t\t\t\t<a href='https:\/\/lecliccommunicatif.fr\/index.php\/formations\/a\/'><img loading=\"lazy\" decoding=\"async\" width=\"150\" height=\"150\" src=\"https:\/\/lecliccommunicatif.fr\/wp-content\/uploads\/2023\/03\/a-150x150.jpg\" class=\"attachment-thumbnail size-thumbnail\" alt=\"\" srcset=\"https:\/\/lecliccommunicatif.fr\/wp-content\/uploads\/2023\/03\/a-150x150.jpg 150w, https:\/\/lecliccommunicatif.fr\/wp-content\/uploads\/2023\/03\/a-100x100.jpg 100w, https:\/\/lecliccommunicatif.fr\/wp-content\/uploads\/2023\/03\/a.jpg 200w\" sizes=\"auto, (max-width: 150px) 100vw, 150px\" \/><\/a>\n\t\t\t<\/dt><\/dl><dl class='gallery-item'>\n\t\t\t<dt class='gallery-icon landscape'>\n\t\t\t\t<a href='https:\/\/lecliccommunicatif.fr\/index.php\/formations\/c\/'><img loading=\"lazy\" decoding=\"async\" width=\"150\" height=\"150\" src=\"https:\/\/lecliccommunicatif.fr\/wp-content\/uploads\/2023\/03\/c-150x150.jpg\" class=\"attachment-thumbnail size-thumbnail\" alt=\"\" srcset=\"https:\/\/lecliccommunicatif.fr\/wp-content\/uploads\/2023\/03\/c-150x150.jpg 150w, https:\/\/lecliccommunicatif.fr\/wp-content\/uploads\/2023\/03\/c-100x100.jpg 100w, https:\/\/lecliccommunicatif.fr\/wp-content\/uploads\/2023\/03\/c.jpg 200w\" sizes=\"auto, (max-width: 150px) 100vw, 150px\" \/><\/a>\n\t\t\t<\/dt><\/dl><br style=\"clear: both\" \/><dl class='gallery-item'>\n\t\t\t<dt class='gallery-icon landscape'>\n\t\t\t\t<a href='https:\/\/lecliccommunicatif.fr\/index.php\/formations\/d\/'><img loading=\"lazy\" decoding=\"async\" width=\"150\" height=\"150\" src=\"https:\/\/lecliccommunicatif.fr\/wp-content\/uploads\/2023\/03\/d-150x150.jpg\" class=\"attachment-thumbnail size-thumbnail\" alt=\"\" srcset=\"https:\/\/lecliccommunicatif.fr\/wp-content\/uploads\/2023\/03\/d-150x150.jpg 150w, https:\/\/lecliccommunicatif.fr\/wp-content\/uploads\/2023\/03\/d-100x100.jpg 100w, https:\/\/lecliccommunicatif.fr\/wp-content\/uploads\/2023\/03\/d.jpg 200w\" sizes=\"auto, (max-width: 150px) 100vw, 150px\" \/><\/a>\n\t\t\t<\/dt><\/dl><dl class='gallery-item'>\n\t\t\t<dt class='gallery-icon landscape'>\n\t\t\t\t<a href='https:\/\/lecliccommunicatif.fr\/index.php\/formations\/f\/'><img loading=\"lazy\" decoding=\"async\" width=\"150\" height=\"150\" src=\"https:\/\/lecliccommunicatif.fr\/wp-content\/uploads\/2023\/03\/f-150x150.jpg\" class=\"attachment-thumbnail size-thumbnail\" alt=\"\" srcset=\"https:\/\/lecliccommunicatif.fr\/wp-content\/uploads\/2023\/03\/f-150x150.jpg 150w, https:\/\/lecliccommunicatif.fr\/wp-content\/uploads\/2023\/03\/f-100x100.jpg 100w, https:\/\/lecliccommunicatif.fr\/wp-content\/uploads\/2023\/03\/f.jpg 200w\" sizes=\"auto, (max-width: 150px) 100vw, 150px\" \/><\/a>\n\t\t\t<\/dt><\/dl><dl class='gallery-item'>\n\t\t\t<dt class='gallery-icon landscape'>\n\t\t\t\t<a href='https:\/\/lecliccommunicatif.fr\/index.php\/formations\/i\/'><img loading=\"lazy\" decoding=\"async\" width=\"150\" height=\"150\" src=\"https:\/\/lecliccommunicatif.fr\/wp-content\/uploads\/2023\/03\/i-150x150.jpg\" class=\"attachment-thumbnail size-thumbnail\" alt=\"\" srcset=\"https:\/\/lecliccommunicatif.fr\/wp-content\/uploads\/2023\/03\/i-150x150.jpg 150w, https:\/\/lecliccommunicatif.fr\/wp-content\/uploads\/2023\/03\/i-100x100.jpg 100w, https:\/\/lecliccommunicatif.fr\/wp-content\/uploads\/2023\/03\/i.jpg 200w\" sizes=\"auto, (max-width: 150px) 100vw, 150px\" \/><\/a>\n\t\t\t<\/dt><\/dl>\n\t\t\t<br style='clear: both' \/>\n\t\t<\/div>\n\r\n<h4><img loading=\"lazy\" decoding=\"async\" class=\"alignnone wp-image-504 size-full aligncenter\" src=\"https:\/\/lecliccommunicatif.fr\/wp-content\/uploads\/2024\/02\/bandeau-qualiopi-400.jpg\" alt=\"\" width=\"401\" height=\"129\" srcset=\"https:\/\/lecliccommunicatif.fr\/wp-content\/uploads\/2024\/02\/bandeau-qualiopi-400.jpg 401w, https:\/\/lecliccommunicatif.fr\/wp-content\/uploads\/2024\/02\/bandeau-qualiopi-400-300x97.jpg 300w\" sizes=\"auto, (max-width: 401px) 100vw, 401px\" \/><\/h4>\r\n","protected":false},"excerpt":{"rendered":"<p>Vous souhaitez gagner du temps dans l&#8217;analyse de vos tableaux Excel ? Vous avez une pr\u00e9sentation Powerpoint \u00e0 r\u00e9aliser ? Vous souhaitez apprendre tous les secrets de Word ? Vous avez besoin de nouvelles cartes de visite ? Votre site web a besoin d&#8217;un coup de neuf ? Vous devez vous pr\u00e9parer \u00e0 la certification&hellip;&nbsp;<a href=\"https:\/\/lecliccommunicatif.fr\/\" class=\"\" rel=\"bookmark\">Lire la suite &raquo;<span class=\"screen-reader-text\">Formations informatiques et bureautiques<br \/>Cr\u00e9ations graphiques<br \/>R\u00e9alisation de Sites web<\/span><\/a><\/p>\n","protected":false},"author":1,"featured_media":51,"parent":0,"menu_order":0,"comment_status":"closed","ping_status":"open","template":"","meta":{"neve_meta_sidebar":"right","neve_meta_container":"","neve_meta_enable_content_width":"off","neve_meta_content_width":100,"neve_meta_title_alignment":"","neve_meta_author_avatar":"","neve_post_elements_order":"","neve_meta_disable_header":"","neve_meta_disable_footer":"","neve_meta_disable_title":"","footnotes":""},"class_list":["post-2","page","type-page","status-publish","has-post-thumbnail","hentry"],"yoast_head":"<!-- This site is optimized with the Yoast SEO plugin v21.2 - https:\/\/yoast.com\/wordpress\/plugins\/seo\/ -->\n<title>Formations informatiques et bureautiquesCr\u00e9ations graphiquesR\u00e9alisation de Sites web - Le Clic Communicatif<\/title>\n<meta name=\"description\" content=\"Formations informatiques et bureautiques (word, excel, powerpoint) dans l&#039;orne, l&#039;eure, le calvados ou en visioconf\u00e9rence\" \/>\n<meta name=\"robots\" content=\"index, follow, max-snippet:-1, max-image-preview:large, max-video-preview:-1\" \/>\n<link rel=\"canonical\" href=\"https:\/\/lecliccommunicatif.fr\/\" \/>\n<meta property=\"og:locale\" content=\"fr_FR\" \/>\n<meta property=\"og:type\" content=\"article\" \/>\n<meta property=\"og:title\" content=\"Formations informatiques et bureautiquesCr\u00e9ations graphiquesR\u00e9alisation de Sites web - Le Clic Communicatif\" \/>\n<meta property=\"og:description\" content=\"Formations informatiques et bureautiques (word, excel, powerpoint) dans l&#039;orne, l&#039;eure, le calvados ou en visioconf\u00e9rence\" \/>\n<meta property=\"og:url\" content=\"https:\/\/lecliccommunicatif.fr\/\" \/>\n<meta property=\"og:site_name\" content=\"Le Clic Communicatif\" \/>\n<meta property=\"article:publisher\" content=\"https:\/\/www.facebook.com\/LeClicCommunicatif\" \/>\n<meta property=\"article:modified_time\" content=\"2025-01-13T08:33:44+00:00\" \/>\n<meta property=\"og:image\" content=\"https:\/\/lecliccommunicatif.fr\/wp-content\/uploads\/2023\/03\/6.jpg\" \/>\n\t<meta property=\"og:image:width\" content=\"1500\" \/>\n\t<meta property=\"og:image:height\" content=\"500\" \/>\n\t<meta property=\"og:image:type\" content=\"image\/jpeg\" \/>\n<meta name=\"twitter:card\" content=\"summary_large_image\" \/>\n<meta name=\"twitter:label1\" content=\"Dur\u00e9e de lecture estim\u00e9e\" \/>\n\t<meta name=\"twitter:data1\" content=\"4 minutes\" \/>\n<script type=\"application\/ld+json\" class=\"yoast-schema-graph\">{\"@context\":\"https:\/\/schema.org\",\"@graph\":[{\"@type\":\"WebPage\",\"@id\":\"https:\/\/lecliccommunicatif.fr\/\",\"url\":\"https:\/\/lecliccommunicatif.fr\/\",\"name\":\"Formations informatiques et bureautiques Cr\u00e9ations graphiques R\u00e9alisation de Sites web - Le Clic Communicatif\",\"isPartOf\":{\"@id\":\"https:\/\/lecliccommunicatif.fr\/#website\"},\"datePublished\":\"2023-03-08T18:13:36+00:00\",\"dateModified\":\"2025-01-13T08:33:44+00:00\",\"description\":\"Formations informatiques et bureautiques (word, excel, powerpoint) dans l'orne, l'eure, le calvados ou en visioconf\u00e9rence\",\"breadcrumb\":{\"@id\":\"https:\/\/lecliccommunicatif.fr\/#breadcrumb\"},\"inLanguage\":\"fr-FR\",\"potentialAction\":[{\"@type\":\"ReadAction\",\"target\":[\"https:\/\/lecliccommunicatif.fr\/\"]}]},{\"@type\":\"BreadcrumbList\",\"@id\":\"https:\/\/lecliccommunicatif.fr\/#breadcrumb\",\"itemListElement\":[{\"@type\":\"ListItem\",\"position\":1,\"name\":\"Accueil\",\"item\":\"https:\/\/lecliccommunicatif.fr\/\"},{\"@type\":\"ListItem\",\"position\":2,\"name\":\"Formations informatiques et bureautiquesCr\u00e9ations graphiquesR\u00e9alisation de Sites web\"}]},{\"@type\":\"WebSite\",\"@id\":\"https:\/\/lecliccommunicatif.fr\/#website\",\"url\":\"https:\/\/lecliccommunicatif.fr\/\",\"name\":\"Le Clic Communicatif\",\"description\":\"Formations informatiques et bureautiques\",\"potentialAction\":[{\"@type\":\"SearchAction\",\"target\":{\"@type\":\"EntryPoint\",\"urlTemplate\":\"https:\/\/lecliccommunicatif.fr\/?s={search_term_string}\"},\"query-input\":\"required name=search_term_string\"}],\"inLanguage\":\"fr-FR\"}]}<\/script>\n<!-- \/ Yoast SEO plugin. -->","yoast_head_json":{"title":"Formations informatiques et bureautiquesCr\u00e9ations graphiquesR\u00e9alisation de Sites web - Le Clic Communicatif","description":"Formations informatiques et bureautiques (word, excel, powerpoint) dans l'orne, l'eure, le calvados ou en visioconf\u00e9rence","robots":{"index":"index","follow":"follow","max-snippet":"max-snippet:-1","max-image-preview":"max-image-preview:large","max-video-preview":"max-video-preview:-1"},"canonical":"https:\/\/lecliccommunicatif.fr\/","og_locale":"fr_FR","og_type":"article","og_title":"Formations informatiques et bureautiquesCr\u00e9ations graphiquesR\u00e9alisation de Sites web - Le Clic Communicatif","og_description":"Formations informatiques et bureautiques (word, excel, powerpoint) dans l'orne, l'eure, le calvados ou en visioconf\u00e9rence","og_url":"https:\/\/lecliccommunicatif.fr\/","og_site_name":"Le Clic Communicatif","article_publisher":"https:\/\/www.facebook.com\/LeClicCommunicatif","article_modified_time":"2025-01-13T08:33:44+00:00","og_image":[{"width":1500,"height":500,"url":"https:\/\/lecliccommunicatif.fr\/wp-content\/uploads\/2023\/03\/6.jpg","type":"image\/jpeg"}],"twitter_card":"summary_large_image","twitter_misc":{"Dur\u00e9e de lecture estim\u00e9e":"4 minutes"},"schema":{"@context":"https:\/\/schema.org","@graph":[{"@type":"WebPage","@id":"https:\/\/lecliccommunicatif.fr\/","url":"https:\/\/lecliccommunicatif.fr\/","name":"Formations informatiques et bureautiques Cr\u00e9ations graphiques R\u00e9alisation de Sites web - Le Clic Communicatif","isPartOf":{"@id":"https:\/\/lecliccommunicatif.fr\/#website"},"datePublished":"2023-03-08T18:13:36+00:00","dateModified":"2025-01-13T08:33:44+00:00","description":"Formations informatiques et bureautiques (word, excel, powerpoint) dans l'orne, l'eure, le calvados ou en visioconf\u00e9rence","breadcrumb":{"@id":"https:\/\/lecliccommunicatif.fr\/#breadcrumb"},"inLanguage":"fr-FR","potentialAction":[{"@type":"ReadAction","target":["https:\/\/lecliccommunicatif.fr\/"]}]},{"@type":"BreadcrumbList","@id":"https:\/\/lecliccommunicatif.fr\/#breadcrumb","itemListElement":[{"@type":"ListItem","position":1,"name":"Accueil","item":"https:\/\/lecliccommunicatif.fr\/"},{"@type":"ListItem","position":2,"name":"Formations informatiques et bureautiquesCr\u00e9ations graphiquesR\u00e9alisation de Sites web"}]},{"@type":"WebSite","@id":"https:\/\/lecliccommunicatif.fr\/#website","url":"https:\/\/lecliccommunicatif.fr\/","name":"Le Clic Communicatif","description":"Formations informatiques et bureautiques","potentialAction":[{"@type":"SearchAction","target":{"@type":"EntryPoint","urlTemplate":"https:\/\/lecliccommunicatif.fr\/?s={search_term_string}"},"query-input":"required name=search_term_string"}],"inLanguage":"fr-FR"}]}},"_links":{"self":[{"href":"https:\/\/lecliccommunicatif.fr\/index.php\/wp-json\/wp\/v2\/pages\/2","targetHints":{"allow":["GET"]}}],"collection":[{"href":"https:\/\/lecliccommunicatif.fr\/index.php\/wp-json\/wp\/v2\/pages"}],"about":[{"href":"https:\/\/lecliccommunicatif.fr\/index.php\/wp-json\/wp\/v2\/types\/page"}],"author":[{"embeddable":true,"href":"https:\/\/lecliccommunicatif.fr\/index.php\/wp-json\/wp\/v2\/users\/1"}],"replies":[{"embeddable":true,"href":"https:\/\/lecliccommunicatif.fr\/index.php\/wp-json\/wp\/v2\/comments?post=2"}],"version-history":[{"count":37,"href":"https:\/\/lecliccommunicatif.fr\/index.php\/wp-json\/wp\/v2\/pages\/2\/revisions"}],"predecessor-version":[{"id":508,"href":"https:\/\/lecliccommunicatif.fr\/index.php\/wp-json\/wp\/v2\/pages\/2\/revisions\/508"}],"wp:featuredmedia":[{"embeddable":true,"href":"https:\/\/lecliccommunicatif.fr\/index.php\/wp-json\/wp\/v2\/media\/51"}],"wp:attachment":[{"href":"https:\/\/lecliccommunicatif.fr\/index.php\/wp-json\/wp\/v2\/media?parent=2"}],"curies":[{"name":"wp","href":"https:\/\/api.w.org\/{rel}","templated":true}]}}