{"id":374,"date":"2023-04-18T11:19:30","date_gmt":"2023-04-18T09:19:30","guid":{"rendered":"https:\/\/lecliccommunicatif.fr\/?page_id=374"},"modified":"2025-01-13T09:40:58","modified_gmt":"2025-01-13T08:40:58","slug":"cgv","status":"publish","type":"page","link":"https:\/\/lecliccommunicatif.fr\/index.php\/cgv\/","title":{"rendered":"CGV"},"content":{"rendered":"<h2>Identification du vendeur<\/h2>\n<p>Sandrine Lembr\u00e9<\/p>\n<p>1, la Gibonni\u00e8re &#8211; 61270 RAI<\/p>\n<p>E-mail : <a href=\"mailto:sandrinelembre@gmail.com\">sandrinelembre@gmail.com<\/a><\/p>\n<p>T\u00e9l. : 07 80 43 91 85<\/p>\n<p>&nbsp;<\/p>\n<h2>Formations<\/h2>\n<p>Pour toute demande de formation, un devis sera \u00e9tabli par Sandrine Lembr\u00e9. L&#8217;acceptation du devis par le client entraine le versement d&#8217;un acompte de 20% du montant de la commande. Les dates de formation ne seront confirm\u00e9es qu&#8217;apr\u00e8s le versement de l&#8217;acompte de 20%.<\/p>\n<p>En cas d&#8217;annulation de la formation \u00e0 la demande du client moins de 7 jours avant le d\u00e9but de la formation, l&#8217;acompte de 20% ne sera pas rembours\u00e9.<\/p>\n<p>Le paiement des formations s&#8217;effectue au maximum 30 jours apr\u00e8s la prestations de formation, par ch\u00e8que \u00e0 l&#8217;ordre de Sandrine Lembr\u00e9 ou par virement bancaire.<\/p>\n<p>&nbsp;<\/p>\n<h2>Documents en t\u00e9l\u00e9chargement<\/h2>\n<p>Le lien de t\u00e9l\u00e9chargement est envoy\u00e9 au maximum 48h apr\u00e8s la r\u00e9ception du r\u00e8glement de la commande. Pour ce type de produit, aucun remboursement ne sera effectu\u00e9. Les paiements se font par ch\u00e8que ou par Paypal.<\/p>\n<p>&nbsp;<\/p>\n<h2>Cr\u00e9ations graphiques<\/h2>\n<p>Pour toute demande de cr\u00e9ations graphiques, un devis mentionnant les d\u00e9lais de livraison sera \u00e9tabli par Sandrine Lembr\u00e9. L&#8217;acceptation du devis par le client entraine le versement d&#8217;un acompte de 20% du montant de la commande.<\/p>\n<p>Le client a un d\u00e9lai de 7 jours pour se r\u00e9tracter.<\/p>\n<p>Le paiement des cr\u00e9ations graphiques s&#8217;effectue au maximum 30 jours apr\u00e8s la livraison, par ch\u00e8que \u00e0 l&#8217;ordre de Sandrine Lembr\u00e9 ou par virement bancaire.<\/p>\n<p>Pour tout compl\u00e9ment d&#8217;information, n&#8217;h\u00e9sitez pas \u00e0 nous contacter.<\/p>\n<p>&nbsp;<\/p>\n<p>&nbsp;<\/p>\n","protected":false},"excerpt":{"rendered":"<p>Identification du vendeur Sandrine Lembr\u00e9 1, la Gibonni\u00e8re &#8211; 61270 RAI E-mail : sandrinelembre@gmail.com T\u00e9l. : 07 80 43 91 85 &nbsp; Formations Pour toute demande de formation, un devis sera \u00e9tabli par Sandrine Lembr\u00e9. L&#8217;acceptation du devis par le client entraine le versement d&#8217;un acompte de 20% du montant de la commande. Les dates&hellip;&nbsp;<a href=\"https:\/\/lecliccommunicatif.fr\/index.php\/cgv\/\" class=\"\" rel=\"bookmark\">Lire la suite &raquo;<span class=\"screen-reader-text\">CGV<\/span><\/a><\/p>\n","protected":false},"author":1,"featured_media":0,"parent":0,"menu_order":0,"comment_status":"closed","ping_status":"closed","template":"","meta":{"neve_meta_sidebar":"","neve_meta_container":"","neve_meta_enable_content_width":"off","neve_meta_content_width":100,"neve_meta_title_alignment":"","neve_meta_author_avatar":"","neve_post_elements_order":"","neve_meta_disable_header":"","neve_meta_disable_footer":"","neve_meta_disable_title":"","footnotes":""},"class_list":["post-374","page","type-page","status-publish","hentry"],"yoast_head":"<!-- This site is optimized with the Yoast SEO plugin v21.2 - https:\/\/yoast.com\/wordpress\/plugins\/seo\/ -->\n<title>CGV - Le Clic Communicatif<\/title>\n<meta name=\"robots\" content=\"index, follow, max-snippet:-1, max-image-preview:large, max-video-preview:-1\" \/>\n<link rel=\"canonical\" href=\"https:\/\/lecliccommunicatif.fr\/index.php\/cgv\/\" \/>\n<meta property=\"og:locale\" content=\"fr_FR\" \/>\n<meta property=\"og:type\" content=\"article\" \/>\n<meta property=\"og:title\" content=\"CGV - Le Clic Communicatif\" \/>\n<meta property=\"og:description\" content=\"Identification du vendeur Sandrine Lembr\u00e9 1, la Gibonni\u00e8re &#8211; 61270 RAI E-mail : sandrinelembre@gmail.com T\u00e9l. : 07 80 43 91 85 &nbsp; Formations Pour toute demande de formation, un devis sera \u00e9tabli par Sandrine Lembr\u00e9. L&#8217;acceptation du devis par le client entraine le versement d&#8217;un acompte de 20% du montant de la commande. Les dates&hellip;&nbsp;Lire la suite &raquo;CGV\" \/>\n<meta property=\"og:url\" content=\"https:\/\/lecliccommunicatif.fr\/index.php\/cgv\/\" \/>\n<meta property=\"og:site_name\" content=\"Le Clic Communicatif\" \/>\n<meta property=\"article:publisher\" content=\"https:\/\/www.facebook.com\/LeClicCommunicatif\" \/>\n<meta property=\"article:modified_time\" content=\"2025-01-13T08:40:58+00:00\" \/>\n<meta name=\"twitter:card\" content=\"summary_large_image\" \/>\n<meta name=\"twitter:label1\" content=\"Dur\u00e9e de lecture estim\u00e9e\" \/>\n\t<meta name=\"twitter:data1\" content=\"2 minutes\" \/>\n<script type=\"application\/ld+json\" class=\"yoast-schema-graph\">{\"@context\":\"https:\/\/schema.org\",\"@graph\":[{\"@type\":\"WebPage\",\"@id\":\"https:\/\/lecliccommunicatif.fr\/index.php\/cgv\/\",\"url\":\"https:\/\/lecliccommunicatif.fr\/index.php\/cgv\/\",\"name\":\"CGV - Le Clic Communicatif\",\"isPartOf\":{\"@id\":\"https:\/\/lecliccommunicatif.fr\/#website\"},\"datePublished\":\"2023-04-18T09:19:30+00:00\",\"dateModified\":\"2025-01-13T08:40:58+00:00\",\"breadcrumb\":{\"@id\":\"https:\/\/lecliccommunicatif.fr\/index.php\/cgv\/#breadcrumb\"},\"inLanguage\":\"fr-FR\",\"potentialAction\":[{\"@type\":\"ReadAction\",\"target\":[\"https:\/\/lecliccommunicatif.fr\/index.php\/cgv\/\"]}]},{\"@type\":\"BreadcrumbList\",\"@id\":\"https:\/\/lecliccommunicatif.fr\/index.php\/cgv\/#breadcrumb\",\"itemListElement\":[{\"@type\":\"ListItem\",\"position\":1,\"name\":\"Accueil\",\"item\":\"https:\/\/lecliccommunicatif.fr\/\"},{\"@type\":\"ListItem\",\"position\":2,\"name\":\"CGV\"}]},{\"@type\":\"WebSite\",\"@id\":\"https:\/\/lecliccommunicatif.fr\/#website\",\"url\":\"https:\/\/lecliccommunicatif.fr\/\",\"name\":\"Le Clic Communicatif\",\"description\":\"Formations informatiques et bureautiques\",\"potentialAction\":[{\"@type\":\"SearchAction\",\"target\":{\"@type\":\"EntryPoint\",\"urlTemplate\":\"https:\/\/lecliccommunicatif.fr\/?s={search_term_string}\"},\"query-input\":\"required name=search_term_string\"}],\"inLanguage\":\"fr-FR\"}]}<\/script>\n<!-- \/ Yoast SEO plugin. -->","yoast_head_json":{"title":"CGV - Le Clic Communicatif","robots":{"index":"index","follow":"follow","max-snippet":"max-snippet:-1","max-image-preview":"max-image-preview:large","max-video-preview":"max-video-preview:-1"},"canonical":"https:\/\/lecliccommunicatif.fr\/index.php\/cgv\/","og_locale":"fr_FR","og_type":"article","og_title":"CGV - Le Clic Communicatif","og_description":"Identification du vendeur Sandrine Lembr\u00e9 1, la Gibonni\u00e8re &#8211; 61270 RAI E-mail : sandrinelembre@gmail.com T\u00e9l. : 07 80 43 91 85 &nbsp; Formations Pour toute demande de formation, un devis sera \u00e9tabli par Sandrine Lembr\u00e9. L&#8217;acceptation du devis par le client entraine le versement d&#8217;un acompte de 20% du montant de la commande. Les dates&hellip;&nbsp;Lire la suite &raquo;CGV","og_url":"https:\/\/lecliccommunicatif.fr\/index.php\/cgv\/","og_site_name":"Le Clic Communicatif","article_publisher":"https:\/\/www.facebook.com\/LeClicCommunicatif","article_modified_time":"2025-01-13T08:40:58+00:00","twitter_card":"summary_large_image","twitter_misc":{"Dur\u00e9e de lecture estim\u00e9e":"2 minutes"},"schema":{"@context":"https:\/\/schema.org","@graph":[{"@type":"WebPage","@id":"https:\/\/lecliccommunicatif.fr\/index.php\/cgv\/","url":"https:\/\/lecliccommunicatif.fr\/index.php\/cgv\/","name":"CGV - Le Clic Communicatif","isPartOf":{"@id":"https:\/\/lecliccommunicatif.fr\/#website"},"datePublished":"2023-04-18T09:19:30+00:00","dateModified":"2025-01-13T08:40:58+00:00","breadcrumb":{"@id":"https:\/\/lecliccommunicatif.fr\/index.php\/cgv\/#breadcrumb"},"inLanguage":"fr-FR","potentialAction":[{"@type":"ReadAction","target":["https:\/\/lecliccommunicatif.fr\/index.php\/cgv\/"]}]},{"@type":"BreadcrumbList","@id":"https:\/\/lecliccommunicatif.fr\/index.php\/cgv\/#breadcrumb","itemListElement":[{"@type":"ListItem","position":1,"name":"Accueil","item":"https:\/\/lecliccommunicatif.fr\/"},{"@type":"ListItem","position":2,"name":"CGV"}]},{"@type":"WebSite","@id":"https:\/\/lecliccommunicatif.fr\/#website","url":"https:\/\/lecliccommunicatif.fr\/","name":"Le Clic Communicatif","description":"Formations informatiques et bureautiques","potentialAction":[{"@type":"SearchAction","target":{"@type":"EntryPoint","urlTemplate":"https:\/\/lecliccommunicatif.fr\/?s={search_term_string}"},"query-input":"required name=search_term_string"}],"inLanguage":"fr-FR"}]}},"_links":{"self":[{"href":"https:\/\/lecliccommunicatif.fr\/index.php\/wp-json\/wp\/v2\/pages\/374","targetHints":{"allow":["GET"]}}],"collection":[{"href":"https:\/\/lecliccommunicatif.fr\/index.php\/wp-json\/wp\/v2\/pages"}],"about":[{"href":"https:\/\/lecliccommunicatif.fr\/index.php\/wp-json\/wp\/v2\/types\/page"}],"author":[{"embeddable":true,"href":"https:\/\/lecliccommunicatif.fr\/index.php\/wp-json\/wp\/v2\/users\/1"}],"replies":[{"embeddable":true,"href":"https:\/\/lecliccommunicatif.fr\/index.php\/wp-json\/wp\/v2\/comments?post=374"}],"version-history":[{"count":4,"href":"https:\/\/lecliccommunicatif.fr\/index.php\/wp-json\/wp\/v2\/pages\/374\/revisions"}],"predecessor-version":[{"id":513,"href":"https:\/\/lecliccommunicatif.fr\/index.php\/wp-json\/wp\/v2\/pages\/374\/revisions\/513"}],"wp:attachment":[{"href":"https:\/\/lecliccommunicatif.fr\/index.php\/wp-json\/wp\/v2\/media?parent=374"}],"curies":[{"name":"wp","href":"https:\/\/api.w.org\/{rel}","templated":true}]}}