{"id":138,"date":"2023-03-09T15:36:37","date_gmt":"2023-03-09T14:36:37","guid":{"rendered":"https:\/\/lecliccommunicatif.fr\/?post_type=product&#038;p=138"},"modified":"2026-04-26T17:21:39","modified_gmt":"2026-04-26T15:21:39","slug":"escape-game-tableaux-croises-dynamiques","status":"publish","type":"product","link":"https:\/\/lecliccommunicatif.fr\/index.php\/produit\/escape-game-tableaux-croises-dynamiques\/","title":{"rendered":"Escape Game sur les Tableaux crois\u00e9s Dynamiques"},"content":{"rendered":"<h4><img loading=\"lazy\" decoding=\"async\" class=\"aligncenter wp-image-139 size-full\" src=\"https:\/\/lecliccommunicatif.fr\/wp-content\/uploads\/2023\/03\/test.jpg\" alt=\"\" width=\"2481\" height=\"1332\" srcset=\"https:\/\/lecliccommunicatif.fr\/wp-content\/uploads\/2023\/03\/test.jpg 2481w, https:\/\/lecliccommunicatif.fr\/wp-content\/uploads\/2023\/03\/test-300x161.jpg 300w, https:\/\/lecliccommunicatif.fr\/wp-content\/uploads\/2023\/03\/test-1024x550.jpg 1024w, https:\/\/lecliccommunicatif.fr\/wp-content\/uploads\/2023\/03\/test-768x412.jpg 768w, https:\/\/lecliccommunicatif.fr\/wp-content\/uploads\/2023\/03\/test-1536x825.jpg 1536w, https:\/\/lecliccommunicatif.fr\/wp-content\/uploads\/2023\/03\/test-2048x1100.jpg 2048w, https:\/\/lecliccommunicatif.fr\/wp-content\/uploads\/2023\/03\/test-600x322.jpg 600w\" sizes=\"auto, (max-width: 2481px) 100vw, 2481px\" \/><\/h4>\n<p>V\u00e9rifier votre ma\u00eetrise de l&#8217;outil statistique le plus puissant d&#8217;Excel avec notre Escape Game sur le Th\u00e8me des Tableaux Crois\u00e9s Dynamiques<\/p>\n<h4>Contenu du t\u00e9l\u00e9chargement :<\/h4>\n<p><img loading=\"lazy\" decoding=\"async\" class=\"alignnone size-full wp-image-93\" src=\"https:\/\/lecliccommunicatif.fr\/wp-content\/uploads\/2023\/03\/Image1-e1678368175796.png\" alt=\"\" width=\"7\" height=\"7\" \/> 1 fichier PDF avec les consignes<\/p>\n<p><img loading=\"lazy\" decoding=\"async\" class=\"alignnone size-full wp-image-93\" src=\"https:\/\/lecliccommunicatif.fr\/wp-content\/uploads\/2023\/03\/Image1-e1678368175796.png\" alt=\"\" width=\"7\" height=\"7\" \/> 4 fichiers Excel de travail<\/p>\n<p><img loading=\"lazy\" decoding=\"async\" class=\"alignnone size-full wp-image-93\" src=\"https:\/\/lecliccommunicatif.fr\/wp-content\/uploads\/2023\/03\/Image1-e1678368175796.png\" alt=\"\" width=\"7\" height=\"7\" \/> 1 fichier PDF avec les r\u00e9ponses<\/p>\n<p>&nbsp;<\/p>\n<p>Les fichiers vous seront envoy\u00e9s sous forme de dossier ZIP, dans un d\u00e9lai maximum de 48h apr\u00e8s validation de votre paiement.<\/p>\n","protected":false},"excerpt":{"rendered":"<p>&nbsp;<\/p>\n<p>&nbsp;<\/p>\n<p>&nbsp;<\/p>\n","protected":false},"featured_media":141,"comment_status":"open","ping_status":"closed","template":"","meta":{"neve_meta_sidebar":"","neve_meta_container":"","neve_meta_enable_content_width":"off","neve_meta_content_width":100,"neve_meta_title_alignment":"","neve_meta_author_avatar":"","neve_post_elements_order":"","neve_meta_disable_header":"","neve_meta_disable_footer":"","neve_meta_disable_title":""},"product_cat":[19],"product_tag":[],"class_list":["post-138","product","type-product","status-publish","has-post-thumbnail","hentry","product_cat-produits"],"yoast_head":"<!-- This site is optimized with the Yoast SEO plugin v21.2 - https:\/\/yoast.com\/wordpress\/plugins\/seo\/ -->\n<title>Escape Game sur les Tableaux crois\u00e9s Dynamiques - Le Clic Communicatif<\/title>\n<meta name=\"description\" content=\"V\u00e9rifier votre ma\u00eetrise de l&#039;outil statistique le plus puissant d&#039;Excel avec notre escape game sur le Th\u00e8me des Tableaux Crois\u00e9s Dynamiques.\" \/>\n<meta name=\"robots\" content=\"index, follow, max-snippet:-1, max-image-preview:large, max-video-preview:-1\" \/>\n<link rel=\"canonical\" href=\"https:\/\/lecliccommunicatif.fr\/index.php\/produit\/escape-game-tableaux-croises-dynamiques\/\" \/>\n<meta property=\"og:locale\" content=\"fr_FR\" \/>\n<meta property=\"og:type\" content=\"article\" \/>\n<meta property=\"og:title\" content=\"Escape Game sur les Tableaux crois\u00e9s Dynamiques - Le Clic Communicatif\" \/>\n<meta property=\"og:description\" content=\"V\u00e9rifier votre ma\u00eetrise de l&#039;outil statistique le plus puissant d&#039;Excel avec notre escape game sur le Th\u00e8me des Tableaux Crois\u00e9s Dynamiques.\" \/>\n<meta property=\"og:url\" content=\"https:\/\/lecliccommunicatif.fr\/index.php\/produit\/escape-game-tableaux-croises-dynamiques\/\" \/>\n<meta property=\"og:site_name\" content=\"Le Clic Communicatif\" \/>\n<meta property=\"article:publisher\" content=\"https:\/\/www.facebook.com\/LeClicCommunicatif\" \/>\n<meta property=\"article:modified_time\" content=\"2026-04-26T15:21:39+00:00\" \/>\n<meta property=\"og:image\" content=\"https:\/\/lecliccommunicatif.fr\/wp-content\/uploads\/2023\/03\/vignette_escapegameTCD.jpg\" \/>\n\t<meta property=\"og:image:width\" content=\"720\" \/>\n\t<meta property=\"og:image:height\" content=\"720\" \/>\n\t<meta property=\"og:image:type\" content=\"image\/jpeg\" \/>\n<meta name=\"twitter:card\" content=\"summary_large_image\" \/>\n<meta name=\"twitter:label1\" content=\"Dur\u00e9e de lecture estim\u00e9e\" \/>\n\t<meta name=\"twitter:data1\" content=\"2 minutes\" \/>\n<script type=\"application\/ld+json\" class=\"yoast-schema-graph\">{\"@context\":\"https:\/\/schema.org\",\"@graph\":[{\"@type\":\"WebPage\",\"@id\":\"https:\/\/lecliccommunicatif.fr\/index.php\/produit\/escape-game-tableaux-croises-dynamiques\/\",\"url\":\"https:\/\/lecliccommunicatif.fr\/index.php\/produit\/escape-game-tableaux-croises-dynamiques\/\",\"name\":\"Escape Game sur les Tableaux crois\u00e9s Dynamiques - Le Clic Communicatif\",\"isPartOf\":{\"@id\":\"https:\/\/lecliccommunicatif.fr\/#website\"},\"datePublished\":\"2023-03-09T14:36:37+00:00\",\"dateModified\":\"2026-04-26T15:21:39+00:00\",\"description\":\"V\u00e9rifier votre ma\u00eetrise de l'outil statistique le plus puissant d'Excel avec notre escape game sur le Th\u00e8me des Tableaux Crois\u00e9s Dynamiques.\",\"breadcrumb\":{\"@id\":\"https:\/\/lecliccommunicatif.fr\/index.php\/produit\/escape-game-tableaux-croises-dynamiques\/#breadcrumb\"},\"inLanguage\":\"fr-FR\",\"potentialAction\":[{\"@type\":\"ReadAction\",\"target\":[\"https:\/\/lecliccommunicatif.fr\/index.php\/produit\/escape-game-tableaux-croises-dynamiques\/\"]}]},{\"@type\":\"BreadcrumbList\",\"@id\":\"https:\/\/lecliccommunicatif.fr\/index.php\/produit\/escape-game-tableaux-croises-dynamiques\/#breadcrumb\",\"itemListElement\":[{\"@type\":\"ListItem\",\"position\":1,\"name\":\"Accueil\",\"item\":\"https:\/\/lecliccommunicatif.fr\/\"},{\"@type\":\"ListItem\",\"position\":2,\"name\":\"Boutique\",\"item\":\"https:\/\/lecliccommunicatif.fr\/index.php\/boutique\/\"},{\"@type\":\"ListItem\",\"position\":3,\"name\":\"Escape Game sur les Tableaux crois\u00e9s Dynamiques\"}]},{\"@type\":\"WebSite\",\"@id\":\"https:\/\/lecliccommunicatif.fr\/#website\",\"url\":\"https:\/\/lecliccommunicatif.fr\/\",\"name\":\"Le Clic Communicatif\",\"description\":\"Formations informatiques et bureautiques\",\"potentialAction\":[{\"@type\":\"SearchAction\",\"target\":{\"@type\":\"EntryPoint\",\"urlTemplate\":\"https:\/\/lecliccommunicatif.fr\/?s={search_term_string}\"},\"query-input\":\"required name=search_term_string\"}],\"inLanguage\":\"fr-FR\"}]}<\/script>\n<!-- \/ Yoast SEO plugin. -->","yoast_head_json":{"title":"Escape Game sur les Tableaux crois\u00e9s Dynamiques - Le Clic Communicatif","description":"V\u00e9rifier votre ma\u00eetrise de l'outil statistique le plus puissant d'Excel avec notre escape game sur le Th\u00e8me des Tableaux Crois\u00e9s Dynamiques.","robots":{"index":"index","follow":"follow","max-snippet":"max-snippet:-1","max-image-preview":"max-image-preview:large","max-video-preview":"max-video-preview:-1"},"canonical":"https:\/\/lecliccommunicatif.fr\/index.php\/produit\/escape-game-tableaux-croises-dynamiques\/","og_locale":"fr_FR","og_type":"article","og_title":"Escape Game sur les Tableaux crois\u00e9s Dynamiques - Le Clic Communicatif","og_description":"V\u00e9rifier votre ma\u00eetrise de l'outil statistique le plus puissant d'Excel avec notre escape game sur le Th\u00e8me des Tableaux Crois\u00e9s Dynamiques.","og_url":"https:\/\/lecliccommunicatif.fr\/index.php\/produit\/escape-game-tableaux-croises-dynamiques\/","og_site_name":"Le Clic Communicatif","article_publisher":"https:\/\/www.facebook.com\/LeClicCommunicatif","article_modified_time":"2026-04-26T15:21:39+00:00","og_image":[{"width":720,"height":720,"url":"https:\/\/lecliccommunicatif.fr\/wp-content\/uploads\/2023\/03\/vignette_escapegameTCD.jpg","type":"image\/jpeg"}],"twitter_card":"summary_large_image","twitter_misc":{"Dur\u00e9e de lecture estim\u00e9e":"2 minutes"},"schema":{"@context":"https:\/\/schema.org","@graph":[{"@type":"WebPage","@id":"https:\/\/lecliccommunicatif.fr\/index.php\/produit\/escape-game-tableaux-croises-dynamiques\/","url":"https:\/\/lecliccommunicatif.fr\/index.php\/produit\/escape-game-tableaux-croises-dynamiques\/","name":"Escape Game sur les Tableaux crois\u00e9s Dynamiques - Le Clic Communicatif","isPartOf":{"@id":"https:\/\/lecliccommunicatif.fr\/#website"},"datePublished":"2023-03-09T14:36:37+00:00","dateModified":"2026-04-26T15:21:39+00:00","description":"V\u00e9rifier votre ma\u00eetrise de l'outil statistique le plus puissant d'Excel avec notre escape game sur le Th\u00e8me des Tableaux Crois\u00e9s Dynamiques.","breadcrumb":{"@id":"https:\/\/lecliccommunicatif.fr\/index.php\/produit\/escape-game-tableaux-croises-dynamiques\/#breadcrumb"},"inLanguage":"fr-FR","potentialAction":[{"@type":"ReadAction","target":["https:\/\/lecliccommunicatif.fr\/index.php\/produit\/escape-game-tableaux-croises-dynamiques\/"]}]},{"@type":"BreadcrumbList","@id":"https:\/\/lecliccommunicatif.fr\/index.php\/produit\/escape-game-tableaux-croises-dynamiques\/#breadcrumb","itemListElement":[{"@type":"ListItem","position":1,"name":"Accueil","item":"https:\/\/lecliccommunicatif.fr\/"},{"@type":"ListItem","position":2,"name":"Boutique","item":"https:\/\/lecliccommunicatif.fr\/index.php\/boutique\/"},{"@type":"ListItem","position":3,"name":"Escape Game sur les Tableaux crois\u00e9s Dynamiques"}]},{"@type":"WebSite","@id":"https:\/\/lecliccommunicatif.fr\/#website","url":"https:\/\/lecliccommunicatif.fr\/","name":"Le Clic Communicatif","description":"Formations informatiques et bureautiques","potentialAction":[{"@type":"SearchAction","target":{"@type":"EntryPoint","urlTemplate":"https:\/\/lecliccommunicatif.fr\/?s={search_term_string}"},"query-input":"required name=search_term_string"}],"inLanguage":"fr-FR"}]}},"_links":{"self":[{"href":"https:\/\/lecliccommunicatif.fr\/index.php\/wp-json\/wp\/v2\/product\/138","targetHints":{"allow":["GET"]}}],"collection":[{"href":"https:\/\/lecliccommunicatif.fr\/index.php\/wp-json\/wp\/v2\/product"}],"about":[{"href":"https:\/\/lecliccommunicatif.fr\/index.php\/wp-json\/wp\/v2\/types\/product"}],"replies":[{"embeddable":true,"href":"https:\/\/lecliccommunicatif.fr\/index.php\/wp-json\/wp\/v2\/comments?post=138"}],"wp:featuredmedia":[{"embeddable":true,"href":"https:\/\/lecliccommunicatif.fr\/index.php\/wp-json\/wp\/v2\/media\/141"}],"wp:attachment":[{"href":"https:\/\/lecliccommunicatif.fr\/index.php\/wp-json\/wp\/v2\/media?parent=138"}],"wp:term":[{"taxonomy":"product_cat","embeddable":true,"href":"https:\/\/lecliccommunicatif.fr\/index.php\/wp-json\/wp\/v2\/product_cat?post=138"},{"taxonomy":"product_tag","embeddable":true,"href":"https:\/\/lecliccommunicatif.fr\/index.php\/wp-json\/wp\/v2\/product_tag?post=138"}],"curies":[{"name":"wp","href":"https:\/\/api.w.org\/{rel}","templated":true}]}}